{"id":537,"date":"2025-04-29T23:35:26","date_gmt":"2025-04-29T20:35:26","guid":{"rendered":"https:\/\/yardem.com\/?page_id=537"},"modified":"2025-04-29T23:36:16","modified_gmt":"2025-04-29T20:36:16","slug":"kalite-ve-urun-guvenligi-politikasi","status":"publish","type":"page","link":"https:\/\/yardem.com\/index.php\/tr\/kalite-ve-urun-guvenligi-politikasi\/","title":{"rendered":"Kalite ve \u00fcr\u00fcn g\u00fcvenli\u011fi politikas\u0131"},"content":{"rendered":"<div id=\"pl-537\"  class=\"panel-layout\" ><div id=\"pg-537-0\"  class=\"panel-grid panel-no-style\" ><div id=\"pgc-537-0-0\"  class=\"panel-grid-cell\" ><div id=\"panel-537-0-0-0\" class=\"so-panel widget widget_sow-image panel-first-child panel-last-child\" data-index=\"0\" ><div class=\"so-widget-sow-image so-widget-sow-image-default-d6014b76747a\">\n\n<div class=\"sow-image-container\">\n\t<img src=\"https:\/\/yardem.com\/wp-content\/uploads\/2017\/05\/kurumsal.jpg\" width=\"202\" height=\"202\" srcset=\"https:\/\/yardem.com\/wp-content\/uploads\/2017\/05\/kurumsal.jpg 202w, https:\/\/yardem.com\/wp-content\/uploads\/2017\/05\/kurumsal-150x150.jpg 150w\" sizes=\"(max-width: 202px) 100vw, 202px\" alt=\"\" \t\tclass=\"so-widget-image\"\/>\n<\/div>\n\n<\/div><\/div><\/div><div id=\"pgc-537-0-1\"  class=\"panel-grid-cell\" ><div id=\"panel-537-0-1-0\" class=\"so-panel widget widget_sow-editor panel-first-child panel-last-child\" data-index=\"1\" ><div class=\"so-widget-sow-editor so-widget-sow-editor-base\">\n<div class=\"siteorigin-widget-tinymce textwidget\">\n\t<h3><strong>POL.01 KAL\u0130TE VE \u00dcR\u00dcN G\u00dcVENL\u0130\u011e\u0130 POL\u0130T\u0130KASI<\/strong><\/h3>\n<p>Yardem Plastik olarak en \u00fcst kalite seviyesinde \u00e7al\u0131\u015fmalar\u0131m\u0131z\u0131 ger\u00e7ekle\u015ftirirken, \u00e7al\u0131\u015fmalar\u0131m\u0131z\u0131n t\u00fcm a\u015famalar\u0131nda a\u015fa\u011f\u0131da belirtilen \u00e7al\u0131\u015fma ilkelerine uyaca\u011f\u0131m\u0131z\u0131 taahh\u00fct ederiz.<\/p>\n<ul>\n<li><strong>KAL\u0130TE ve GIDA G\u00dcVENL\u0130\u011e\u0130<\/strong><\/li>\n<\/ul>\n<p style=\"padding-left: 40px;\">- Faaliyet g\u00f6sterdi\u011fimiz \u00fcretim sekt\u00f6r\u00fcnde, m\u00fc\u015fteri ihtiya\u00e7 ve beklentilerini modern \u00fcretim teknolojilerini kullanarak, m\u00fc\u015fteri ihtiya\u00e7 ve beklentilerini \u00f6n planda tutarak, \u00fcr\u00fcnlerimizi zaman\u0131nda hijyenik, kaliteli, ISO 9001:2015 ve ISO 22000:2018 Y\u00f6netim Sistemleri Standartlar\u0131na uygun olarak \u00fcretmek.<\/p>\n<p style=\"padding-left: 40px;\">- Toplam kalite felsefesini esas alarak, tak\u0131m ruhu i\u00e7erisinde \u015firket ve birim hedeflerine ula\u015fmak.<\/p>\n<p style=\"padding-left: 40px;\">- T\u00fcm \u00e7al\u0131\u015fanlar\u0131m\u0131z\u0131n kat\u0131l\u0131m\u0131n\u0131 sa\u011flayan tak\u0131m ruhu olu\u015fturup, sekt\u00f6r\u00fcn liderleri aras\u0131nda olmak<\/p>\n<p style=\"padding-left: 40px;\">&nbsp;-ISO 9001:2015 Kalite Y\u00f6netim Sistemi ve ISO 22000: 2018 G\u0131da G\u00fcvenli\u011fi Y\u00f6netim Sistemi \u015fartlar\u0131n\u0131n gerekliliklerini yerine getirmek.<strong>&nbsp;<\/strong><\/p>\n<ul>\n<li><strong>YASAL \u015eARTLARA UYUM<\/strong><\/li>\n<\/ul>\n<p>&nbsp;&nbsp;&nbsp; T\u00fcm kanuni y\u00fck\u00fcml\u00fcl\u00fcklere uygun olarak hareket etmek. \u201cG\u00f6n\u00fcll\u00fcl\u00fck\u201d esas\u0131ndan hareketle, Kanuni y\u00fck\u00fcml\u00fcl\u00fckler ve standartlar\u0131n \u00f6tesinde bir m\u00fckemmellikte \u00e7al\u0131\u015fmak.<\/p>\n<ul>\n<li><strong>E\u011e\u0130T\u0130M VE B\u0130L\u0130N\u00c7LEND\u0130RME<\/strong><\/li>\n<\/ul>\n<p>&nbsp;&nbsp;&nbsp; Planl\u0131 ve ihtiyaca ba\u011fl\u0131 plans\u0131z e\u011fitimlerle m\u00fc\u015fteri beklentilerine duyarl\u0131, sayg\u0131l\u0131, yenilik\u00e7i insan kayna\u011f\u0131n\u0131 olu\u015fturmak suretiyle sistemlerimizin etkinli\u011fini artt\u0131rmak.<strong>&nbsp;<\/strong><\/p>\n<ul>\n<li><strong>S\u00dcREKL\u0130 GEL\u0130\u015eME VE \u0130Y\u0130LE\u015eT\u0130RME<\/strong><\/li>\n<\/ul>\n<p>&nbsp;&nbsp;&nbsp; \u00dcst y\u00f6netimin katk\u0131lar\u0131 ve t\u00fcm \u00e7al\u0131\u015fanlar\u0131n kat\u0131l\u0131m\u0131yla uygulamakta oldu\u011fumuz Y\u00f6netim Sistemlerinin \u015fartlar\u0131na uymak ve sistemlerin performans\u0131n\u0131 \/ etkinli\u011fini s\u00fcrekli geli\u015ftirmek.<\/p>\n<\/div>\n<\/div><\/div><\/div><\/div><\/div>","protected":false},"excerpt":{"rendered":"<p>POL.01 KAL\u0130TE VE \u00dcR\u00dcN G\u00dcVENL\u0130\u011e\u0130 POL\u0130T\u0130KASI Yardem Plastik olarak en \u00fcst kalite seviyesinde \u00e7al\u0131\u015fmalar\u0131m\u0131z\u0131 ger\u00e7ekle\u015ftirirken, \u00e7al\u0131\u015fmalar\u0131m\u0131z\u0131n t\u00fcm a\u015famalar\u0131nda a\u015fa\u011f\u0131da belirtilen \u00e7al\u0131\u015fma ilkelerine uyaca\u011f\u0131m\u0131z\u0131 taahh\u00fct ederiz. KAL\u0130TE ve GIDA G\u00dcVENL\u0130\u011e\u0130 &#8211; Faaliyet g\u00f6sterdi\u011fimiz \u00fcretim sekt\u00f6r\u00fcnde, m\u00fc\u015fteri ihtiya\u00e7 ve beklentilerini modern \u00fcretim teknolojilerini kullanarak, m\u00fc\u015fteri ihtiya\u00e7 ve beklentilerini \u00f6n planda tutarak, \u00fcr\u00fcnlerimizi zaman\u0131nda hijyenik, kaliteli, ISO 9001:2015 [&hellip;]<\/p>\n","protected":false},"author":3,"featured_media":0,"parent":0,"menu_order":0,"comment_status":"closed","ping_status":"closed","template":"","meta":{"ngg_post_thumbnail":0},"_links":{"self":[{"href":"https:\/\/yardem.com\/index.php\/wp-json\/wp\/v2\/pages\/537"}],"collection":[{"href":"https:\/\/yardem.com\/index.php\/wp-json\/wp\/v2\/pages"}],"about":[{"href":"https:\/\/yardem.com\/index.php\/wp-json\/wp\/v2\/types\/page"}],"author":[{"embeddable":true,"href":"https:\/\/yardem.com\/index.php\/wp-json\/wp\/v2\/users\/3"}],"replies":[{"embeddable":true,"href":"https:\/\/yardem.com\/index.php\/wp-json\/wp\/v2\/comments?post=537"}],"version-history":[{"count":7,"href":"https:\/\/yardem.com\/index.php\/wp-json\/wp\/v2\/pages\/537\/revisions"}],"predecessor-version":[{"id":544,"href":"https:\/\/yardem.com\/index.php\/wp-json\/wp\/v2\/pages\/537\/revisions\/544"}],"wp:attachment":[{"href":"https:\/\/yardem.com\/index.php\/wp-json\/wp\/v2\/media?parent=537"}],"curies":[{"name":"wp","href":"https:\/\/api.w.org\/{rel}","templated":true}]}}