{"id":293,"date":"2017-05-17T16:34:11","date_gmt":"2017-05-17T13:34:11","guid":{"rendered":"https:\/\/yardem.com\/?page_id=293"},"modified":"2017-05-17T16:34:12","modified_gmt":"2017-05-17T13:34:12","slug":"uretim-asamalari","status":"publish","type":"page","link":"https:\/\/yardem.com\/index.php\/tr\/uretim-asamalari\/","title":{"rendered":"\u00dcretim A\u015famalar\u0131"},"content":{"rendered":"<div id=\"pl-293\"  class=\"panel-layout\" ><div id=\"pg-293-0\"  class=\"panel-grid panel-no-style\" ><div id=\"pgc-293-0-0\"  class=\"panel-grid-cell\" ><div id=\"panel-293-0-0-0\" class=\"so-panel widget widget_sow-image panel-first-child panel-last-child\" data-index=\"0\" ><div class=\"so-widget-sow-image so-widget-sow-image-default-d6014b76747a\">\n\n<div class=\"sow-image-container\">\n\t<img src=\"https:\/\/yardem.com\/wp-content\/uploads\/2017\/05\/uretim.jpg\" width=\"200\" height=\"200\" srcset=\"https:\/\/yardem.com\/wp-content\/uploads\/2017\/05\/uretim.jpg 200w, https:\/\/yardem.com\/wp-content\/uploads\/2017\/05\/uretim-150x150.jpg 150w\" sizes=\"(max-width: 200px) 100vw, 200px\" alt=\"\" \t\tclass=\"so-widget-image\"\/>\n<\/div>\n\n<\/div><\/div><\/div><div id=\"pgc-293-0-1\"  class=\"panel-grid-cell\" ><div id=\"panel-293-0-1-0\" class=\"so-panel widget widget_sow-editor panel-first-child panel-last-child\" data-index=\"1\" ><div class=\"so-widget-sow-editor so-widget-sow-editor-base\">\n<div class=\"siteorigin-widget-tinymce textwidget\">\n\t<p>AYPE, YYPE, MDPE, PAPE, CPP ve BOPP hammaddelerden tek ve \u00e7ok katl\u0131 filmler \u00fcreten Yardem, 8 renge kadar flekso bask\u0131 yapt\u0131\u011f\u0131 bu filmleri, dilimleme ve kesme b\u00f6l\u00fcmlerinde rulo ve torbalar haline d\u00f6n\u00fc\u015ft\u00fcrmektedir.<\/p>\n<p> <strong>Ekstr\u00fczyon<\/strong> : Plastik hammaddesinin birtak\u0131m kimyasal katk\u0131larla zenginle\u015ftirilip tek ya da \u00e7ok katl\u0131 film haline getirilmesi a\u015famas\u0131d\u0131r.<\/p>\n<p> <strong>Flekso Bask\u0131<\/strong> : Grafik tasar\u0131m\u0131, cyrel kli\u015fe ve 8 renge kadar olan bask\u0131 yap\u0131lmas\u0131 a\u015famas\u0131d\u0131r.<br \/> <strong><br \/> Laminasyon <\/strong>: Birden fazla film veya malzemenin birle\u015ftirilmesi a\u015famas\u0131d\u0131r. <br \/> <strong><br \/> Dilimleme, perforasyon ve kesme<\/strong> : \u0130stenilen \u00f6l\u00e7\u00fclerde dilimlenen filmlere kullanma amac\u0131na uygun perforasyon tekni\u011fi se\u00e7ilerek mikro, makro ya da lazer perforasyon uygulamas\u0131 yap\u0131lmaktad\u0131r. Bu i\u015flemin sonras\u0131nda filme son \u015fekli verilerek iste\u011fe ba\u011fl\u0131 olarak k\u00f6r\u00fck, kapak, kilit, elge\u00e7me, yoluna kaynak a\u00e7\u0131labilir \u2013 kapanabilir bant ya da g\u00fcvenlik band\u0131 uygulanabilmektedir.<\/p>\n<p> <strong>Sevkiyat<\/strong> : Yardem, \u00fcretimin her a\u015famas\u0131nda uygulanan kalite kontrol kriterlerine g\u00f6re titizlikle haz\u0131rlad\u0131\u011f\u0131 \u00fcr\u00fcnlerin sevkiyat\u0131n\u0131 da ayn\u0131 titizlikle ger\u00e7ekle\u015ftirmektedir.&nbsp;<\/p>\n<\/div>\n<\/div><\/div><\/div><\/div><\/div>","protected":false},"excerpt":{"rendered":"<p>AYPE, YYPE, MDPE, PAPE, CPP ve BOPP hammaddelerden tek ve \u00e7ok katl\u0131 filmler \u00fcreten Yardem, 8 renge kadar flekso bask\u0131 yapt\u0131\u011f\u0131 bu filmleri, dilimleme ve kesme b\u00f6l\u00fcmlerinde rulo ve torbalar haline d\u00f6n\u00fc\u015ft\u00fcrmektedir. Ekstr\u00fczyon : Plastik hammaddesinin birtak\u0131m kimyasal katk\u0131larla zenginle\u015ftirilip tek ya da \u00e7ok katl\u0131 film haline getirilmesi a\u015famas\u0131d\u0131r. Flekso Bask\u0131 : Grafik tasar\u0131m\u0131, cyrel [&hellip;]<\/p>\n","protected":false},"author":3,"featured_media":0,"parent":0,"menu_order":0,"comment_status":"closed","ping_status":"closed","template":"","meta":{"ngg_post_thumbnail":0},"_links":{"self":[{"href":"https:\/\/yardem.com\/index.php\/wp-json\/wp\/v2\/pages\/293"}],"collection":[{"href":"https:\/\/yardem.com\/index.php\/wp-json\/wp\/v2\/pages"}],"about":[{"href":"https:\/\/yardem.com\/index.php\/wp-json\/wp\/v2\/types\/page"}],"author":[{"embeddable":true,"href":"https:\/\/yardem.com\/index.php\/wp-json\/wp\/v2\/users\/3"}],"replies":[{"embeddable":true,"href":"https:\/\/yardem.com\/index.php\/wp-json\/wp\/v2\/comments?post=293"}],"version-history":[{"count":2,"href":"https:\/\/yardem.com\/index.php\/wp-json\/wp\/v2\/pages\/293\/revisions"}],"predecessor-version":[{"id":295,"href":"https:\/\/yardem.com\/index.php\/wp-json\/wp\/v2\/pages\/293\/revisions\/295"}],"wp:attachment":[{"href":"https:\/\/yardem.com\/index.php\/wp-json\/wp\/v2\/media?parent=293"}],"curies":[{"name":"wp","href":"https:\/\/api.w.org\/{rel}","templated":true}]}}