{"id":285,"date":"2017-05-17T16:29:24","date_gmt":"2017-05-17T13:29:24","guid":{"rendered":"https:\/\/yardem.com\/?page_id=285"},"modified":"2017-05-17T16:29:24","modified_gmt":"2017-05-17T13:29:24","slug":"tarihce","status":"publish","type":"page","link":"https:\/\/yardem.com\/index.php\/tr\/tarihce\/","title":{"rendered":"Tarih\u00e7e"},"content":{"rendered":"<div id=\"pl-285\"  class=\"panel-layout\" ><div id=\"pg-285-0\"  class=\"panel-grid panel-no-style\" ><div id=\"pgc-285-0-0\"  class=\"panel-grid-cell\" ><div id=\"panel-285-0-0-0\" class=\"so-panel widget widget_sow-image panel-first-child panel-last-child\" data-index=\"0\" ><div class=\"so-widget-sow-image so-widget-sow-image-default-d6014b76747a\">\n\n<div class=\"sow-image-container\">\n\t<img src=\"https:\/\/yardem.com\/wp-content\/uploads\/2017\/05\/tarihce_02.jpg\" width=\"200\" height=\"200\" srcset=\"https:\/\/yardem.com\/wp-content\/uploads\/2017\/05\/tarihce_02.jpg 200w, https:\/\/yardem.com\/wp-content\/uploads\/2017\/05\/tarihce_02-150x150.jpg 150w\" sizes=\"(max-width: 200px) 100vw, 200px\" alt=\"\" \t\tclass=\"so-widget-image\"\/>\n<\/div>\n\n<\/div><\/div><\/div><div id=\"pgc-285-0-1\"  class=\"panel-grid-cell\" ><div id=\"panel-285-0-1-0\" class=\"so-panel widget widget_sow-editor panel-first-child panel-last-child\" data-index=\"1\" ><div class=\"so-widget-sow-editor so-widget-sow-editor-base\">\n<div class=\"siteorigin-widget-tinymce textwidget\">\n\t<p>Yardem Plastik, ilk olarak 1960 y\u0131l\u0131nda \u0130stanbul\u2019da, 1967 y\u0131l\u0131nda da Konya\u2019da ambalaj sekt\u00f6r\u00fcndeki faaliyetlerine ba\u015flam\u0131\u015ft\u0131r.<\/p>\n<p> T\u00fcrkiye\u2019de plastik end\u00fcstrisinin ge\u00e7mi\u015fi 1960 y\u0131l\u0131na dayanmaktad\u0131r. Yardem Plastik, kurulu\u015f y\u0131l\u0131 dikkate al\u0131nd\u0131\u011f\u0131nda, film ve torba \u00fcretiminde edindi\u011fi teknoloji ve bilgi birikimi sayesinde prestijli ve g\u00fcvenilir bir kurulu\u015f konumundad\u0131r. <\/p>\n<p> Yardem Plastik, \u00fcretimlerini halen \u0130stanbul\u2019daki fabrikas\u0131nda devam ettirmektedir.<\/p>\n<\/div>\n<\/div><\/div><\/div><\/div><div id=\"pg-285-1\"  class=\"panel-grid panel-no-style\" ><div id=\"pgc-285-1-0\"  class=\"panel-grid-cell\" ><div id=\"panel-285-1-0-0\" class=\"so-panel widget widget_sow-image panel-first-child panel-last-child\" data-index=\"2\" ><div class=\"so-widget-sow-image so-widget-sow-image-default-d6014b76747a\">\n\n<div class=\"sow-image-container\">\n\t<img src=\"https:\/\/yardem.com\/wp-content\/uploads\/2017\/05\/tarihce_01.jpg\" width=\"200\" height=\"200\" srcset=\"https:\/\/yardem.com\/wp-content\/uploads\/2017\/05\/tarihce_01.jpg 200w, https:\/\/yardem.com\/wp-content\/uploads\/2017\/05\/tarihce_01-150x150.jpg 150w\" sizes=\"(max-width: 200px) 100vw, 200px\" alt=\"\" \t\tclass=\"so-widget-image\"\/>\n<\/div>\n\n<\/div><\/div><\/div><div id=\"pgc-285-1-1\"  class=\"panel-grid-cell\" ><div id=\"panel-285-1-1-0\" class=\"so-panel widget widget_sow-image panel-first-child panel-last-child\" data-index=\"3\" ><div class=\"so-widget-sow-image so-widget-sow-image-default-d6014b76747a\">\n\n<div class=\"sow-image-container\">\n\t<img src=\"https:\/\/yardem.com\/wp-content\/uploads\/2017\/05\/tarihce_03.jpg\" width=\"200\" height=\"200\" srcset=\"https:\/\/yardem.com\/wp-content\/uploads\/2017\/05\/tarihce_03.jpg 200w, https:\/\/yardem.com\/wp-content\/uploads\/2017\/05\/tarihce_03-150x150.jpg 150w\" sizes=\"(max-width: 200px) 100vw, 200px\" alt=\"\" \t\tclass=\"so-widget-image\"\/>\n<\/div>\n\n<\/div><\/div><\/div><\/div><\/div>","protected":false},"excerpt":{"rendered":"<p>Yardem Plastik, ilk olarak 1960 y\u0131l\u0131nda \u0130stanbul\u2019da, 1967 y\u0131l\u0131nda da Konya\u2019da ambalaj sekt\u00f6r\u00fcndeki faaliyetlerine ba\u015flam\u0131\u015ft\u0131r. T\u00fcrkiye\u2019de plastik end\u00fcstrisinin ge\u00e7mi\u015fi 1960 y\u0131l\u0131na dayanmaktad\u0131r. Yardem Plastik, kurulu\u015f y\u0131l\u0131 dikkate al\u0131nd\u0131\u011f\u0131nda, film ve torba \u00fcretiminde edindi\u011fi teknoloji ve bilgi birikimi sayesinde prestijli ve g\u00fcvenilir bir kurulu\u015f konumundad\u0131r. Yardem Plastik, \u00fcretimlerini halen \u0130stanbul\u2019daki fabrikas\u0131nda devam ettirmektedir.<\/p>\n","protected":false},"author":3,"featured_media":0,"parent":0,"menu_order":0,"comment_status":"closed","ping_status":"closed","template":"","meta":{"ngg_post_thumbnail":0},"_links":{"self":[{"href":"https:\/\/yardem.com\/index.php\/wp-json\/wp\/v2\/pages\/285"}],"collection":[{"href":"https:\/\/yardem.com\/index.php\/wp-json\/wp\/v2\/pages"}],"about":[{"href":"https:\/\/yardem.com\/index.php\/wp-json\/wp\/v2\/types\/page"}],"author":[{"embeddable":true,"href":"https:\/\/yardem.com\/index.php\/wp-json\/wp\/v2\/users\/3"}],"replies":[{"embeddable":true,"href":"https:\/\/yardem.com\/index.php\/wp-json\/wp\/v2\/comments?post=285"}],"version-history":[{"count":2,"href":"https:\/\/yardem.com\/index.php\/wp-json\/wp\/v2\/pages\/285\/revisions"}],"predecessor-version":[{"id":288,"href":"https:\/\/yardem.com\/index.php\/wp-json\/wp\/v2\/pages\/285\/revisions\/288"}],"wp:attachment":[{"href":"https:\/\/yardem.com\/index.php\/wp-json\/wp\/v2\/media?parent=285"}],"curies":[{"name":"wp","href":"https:\/\/api.w.org\/{rel}","templated":true}]}}