{"id":255,"date":"2017-05-17T16:00:07","date_gmt":"2017-05-17T13:00:07","guid":{"rendered":"https:\/\/yardem.com\/?page_id=255"},"modified":"2017-05-17T16:00:08","modified_gmt":"2017-05-17T13:00:08","slug":"misyonumuz-vizyonumuz","status":"publish","type":"page","link":"https:\/\/yardem.com\/index.php\/tr\/misyonumuz-vizyonumuz\/","title":{"rendered":"Misyonumuz \/ Vizyonumuz"},"content":{"rendered":"<div id=\"pl-255\"  class=\"panel-layout\" ><div id=\"pg-255-0\"  class=\"panel-grid panel-no-style\" ><div id=\"pgc-255-0-0\"  class=\"panel-grid-cell\" ><div id=\"panel-255-0-0-0\" class=\"so-panel widget widget_sow-image panel-first-child panel-last-child\" data-index=\"0\" ><div class=\"so-widget-sow-image so-widget-sow-image-default-d6014b76747a\">\n\n<div class=\"sow-image-container\">\n\t<img src=\"https:\/\/yardem.com\/wp-content\/uploads\/2017\/05\/kurumsal-1.jpg\" width=\"202\" height=\"202\" srcset=\"https:\/\/yardem.com\/wp-content\/uploads\/2017\/05\/kurumsal-1.jpg 202w, https:\/\/yardem.com\/wp-content\/uploads\/2017\/05\/kurumsal-1-150x150.jpg 150w\" sizes=\"(max-width: 202px) 100vw, 202px\" title=\"kurumsal\" alt=\"\" \t\tclass=\"so-widget-image\"\/>\n<\/div>\n\n<\/div><\/div><\/div><div id=\"pgc-255-0-1\"  class=\"panel-grid-cell\" ><div id=\"panel-255-0-1-0\" class=\"so-panel widget widget_sow-editor panel-first-child panel-last-child\" data-index=\"1\" ><div class=\"so-widget-sow-editor so-widget-sow-editor-base\">\n<div class=\"siteorigin-widget-tinymce textwidget\">\n\t<p><strong>Misyonumuz<\/strong> : <\/p>\n<p> Deneyimlerimizi, yenilik\u00e7i ve giri\u015fimci ruhumuzla birle\u015ftirerek yeni \u00fcr\u00fcnler geli\u015ftirmek ve m\u00fc\u015fteri memnuniyetini s\u00fcrekli k\u0131lmakt\u0131r.<\/p>\n<p> <strong>Vizyonumuz<\/strong> : <\/p>\n<p> Yar\u0131m as\u0131rdan beri benimsedi\u011fimiz s\u00fcrekli geli\u015fim ve \u00e7evre bilincine sahip anlay\u0131\u015f\u0131m\u0131zla, sekt\u00f6r\u00fcm\u00fczde tercih edilen marka olmakt\u0131r<\/p>\n<\/div>\n<\/div><\/div><\/div><\/div><\/div>","protected":false},"excerpt":{"rendered":"<p>Misyonumuz : Deneyimlerimizi, yenilik\u00e7i ve giri\u015fimci ruhumuzla birle\u015ftirerek yeni \u00fcr\u00fcnler geli\u015ftirmek ve m\u00fc\u015fteri memnuniyetini s\u00fcrekli k\u0131lmakt\u0131r. Vizyonumuz : Yar\u0131m as\u0131rdan beri benimsedi\u011fimiz s\u00fcrekli geli\u015fim ve \u00e7evre bilincine sahip anlay\u0131\u015f\u0131m\u0131zla, sekt\u00f6r\u00fcm\u00fczde tercih edilen marka olmakt\u0131r<\/p>\n","protected":false},"author":3,"featured_media":0,"parent":0,"menu_order":0,"comment_status":"closed","ping_status":"closed","template":"","meta":{"ngg_post_thumbnail":0},"_links":{"self":[{"href":"https:\/\/yardem.com\/index.php\/wp-json\/wp\/v2\/pages\/255"}],"collection":[{"href":"https:\/\/yardem.com\/index.php\/wp-json\/wp\/v2\/pages"}],"about":[{"href":"https:\/\/yardem.com\/index.php\/wp-json\/wp\/v2\/types\/page"}],"author":[{"embeddable":true,"href":"https:\/\/yardem.com\/index.php\/wp-json\/wp\/v2\/users\/3"}],"replies":[{"embeddable":true,"href":"https:\/\/yardem.com\/index.php\/wp-json\/wp\/v2\/comments?post=255"}],"version-history":[{"count":2,"href":"https:\/\/yardem.com\/index.php\/wp-json\/wp\/v2\/pages\/255\/revisions"}],"predecessor-version":[{"id":257,"href":"https:\/\/yardem.com\/index.php\/wp-json\/wp\/v2\/pages\/255\/revisions\/257"}],"wp:attachment":[{"href":"https:\/\/yardem.com\/index.php\/wp-json\/wp\/v2\/media?parent=255"}],"curies":[{"name":"wp","href":"https:\/\/api.w.org\/{rel}","templated":true}]}}