{"id":252,"date":"2017-05-17T15:56:47","date_gmt":"2017-05-17T12:56:47","guid":{"rendered":"https:\/\/yardem.com\/?page_id=252"},"modified":"2017-05-17T15:56:47","modified_gmt":"2017-05-17T12:56:47","slug":"iletisim-bilgileri","status":"publish","type":"page","link":"https:\/\/yardem.com\/index.php\/tr\/iletisim-bilgileri\/","title":{"rendered":"\u0130leti\u015fim Bilgileri"},"content":{"rendered":"<div id=\"pl-252\"  class=\"panel-layout\" ><div id=\"pg-252-0\"  class=\"panel-grid panel-no-style\" ><div id=\"pgc-252-0-0\"  class=\"panel-grid-cell\" ><div id=\"panel-252-0-0-0\" class=\"so-panel widget widget_sow-image panel-first-child panel-last-child\" data-index=\"0\" ><div class=\"so-widget-sow-image so-widget-sow-image-default-d6014b76747a\">\n\n<div class=\"sow-image-container\">\n\t<img src=\"https:\/\/yardem.com\/wp-content\/uploads\/2017\/05\/ulasim.jpg\" width=\"200\" height=\"200\" srcset=\"https:\/\/yardem.com\/wp-content\/uploads\/2017\/05\/ulasim.jpg 200w, https:\/\/yardem.com\/wp-content\/uploads\/2017\/05\/ulasim-150x150.jpg 150w\" sizes=\"(max-width: 200px) 100vw, 200px\" alt=\"\" \t\tclass=\"so-widget-image\"\/>\n<\/div>\n\n<\/div><\/div><\/div><div id=\"pgc-252-0-1\"  class=\"panel-grid-cell\" ><div id=\"panel-252-0-1-0\" class=\"so-panel widget widget_sow-editor panel-first-child panel-last-child\" data-index=\"1\" ><div class=\"so-widget-sow-editor so-widget-sow-editor-base\">\n<div class=\"siteorigin-widget-tinymce textwidget\">\n\t<p><strong>YARDEM PLAST\u0130K SAN. VE T\u0130C. LTD. \u015eT\u0130.<\/strong><\/p>\n<p> Sanayi Mahallesi, Kaz\u0131m Karabekir Caddesi No: 13 <br \/> 34165 G\u00fcng\u00f6ren \/ \u0130stanbul \/ T\u00dcRK\u0130YE<\/p>\n<p> <strong>Tel :<\/strong> <br \/> +90 (212) 555 69 31 \/ +90 (212) 502 03 11<br \/> <strong><br \/> Faks :<\/strong> <br \/> +90 (212) 502 25 61<\/p>\n<p> <strong>e-mail :<\/strong> yardem@yardem.com \/ yardem@yardem.com.tr<\/p>\n<\/div>\n<\/div><\/div><\/div><\/div><div id=\"pg-252-1\"  class=\"panel-grid panel-no-style\" ><div id=\"pgc-252-1-0\"  class=\"panel-grid-cell panel-grid-cell-empty\" ><\/div><div id=\"pgc-252-1-1\"  class=\"panel-grid-cell\" ><div id=\"panel-252-1-1-0\" class=\"so-panel widget widget_sow-editor panel-first-child panel-last-child\" data-index=\"2\" ><div class=\"so-widget-sow-editor so-widget-sow-editor-base\">\n<div class=\"siteorigin-widget-tinymce textwidget\">\n\t<p><iframe src=\"https:\/\/www.google.com\/maps\/embed?pb=!1m18!1m12!1m3!1d3010.1320432171883!2d28.879976315581423!3d41.02236702650625!2m3!1f0!2f0!3f0!3m2!1i1024!2i768!4f13.1!3m3!1m2!1s0x14cabadfc50d2ccf%3A0x1d08e60057f7f94e!2zU2FuYXlpLCBLYXrEsW0gS2FyYWJla2lyIENkLiwgMzQxNjUgR8O8bmfDtnJlbi_EsHN0YW5idWwsIFTDvHJraXll!5e0!3m2!1str!2s!4v1486038008812\" width=\"800\" height=\"600\" frameborder=\"0\" style=\"border:0\" allowfullscreen><\/iframe><\/p>\n<\/div>\n<\/div><\/div><\/div><\/div><\/div>","protected":false},"excerpt":{"rendered":"<p>YARDEM PLAST\u0130K SAN. VE T\u0130C. LTD. \u015eT\u0130. Sanayi Mahallesi, Kaz\u0131m Karabekir Caddesi No: 13 34165 G\u00fcng\u00f6ren \/ \u0130stanbul \/ T\u00dcRK\u0130YE Tel : +90 (212) 555 69 31 \/ +90 (212) 502 03 11 Faks : +90 (212) 502 25 61 e-mail : yardem@yardem.com \/ yardem@yardem.com.tr<\/p>\n","protected":false},"author":3,"featured_media":0,"parent":0,"menu_order":0,"comment_status":"closed","ping_status":"closed","template":"","meta":{"ngg_post_thumbnail":0},"_links":{"self":[{"href":"https:\/\/yardem.com\/index.php\/wp-json\/wp\/v2\/pages\/252"}],"collection":[{"href":"https:\/\/yardem.com\/index.php\/wp-json\/wp\/v2\/pages"}],"about":[{"href":"https:\/\/yardem.com\/index.php\/wp-json\/wp\/v2\/types\/page"}],"author":[{"embeddable":true,"href":"https:\/\/yardem.com\/index.php\/wp-json\/wp\/v2\/users\/3"}],"replies":[{"embeddable":true,"href":"https:\/\/yardem.com\/index.php\/wp-json\/wp\/v2\/comments?post=252"}],"version-history":[{"count":2,"href":"https:\/\/yardem.com\/index.php\/wp-json\/wp\/v2\/pages\/252\/revisions"}],"predecessor-version":[{"id":254,"href":"https:\/\/yardem.com\/index.php\/wp-json\/wp\/v2\/pages\/252\/revisions\/254"}],"wp:attachment":[{"href":"https:\/\/yardem.com\/index.php\/wp-json\/wp\/v2\/media?parent=252"}],"curies":[{"name":"wp","href":"https:\/\/api.w.org\/{rel}","templated":true}]}}