{"id":239,"date":"2017-05-17T15:45:24","date_gmt":"2017-05-17T12:45:24","guid":{"rendered":"https:\/\/yardem.com\/?page_id=239"},"modified":"2017-05-17T15:45:25","modified_gmt":"2017-05-17T12:45:25","slug":"gidada-ambalajin-onemi","status":"publish","type":"page","link":"https:\/\/yardem.com\/index.php\/tr\/gidada-ambalajin-onemi\/","title":{"rendered":"G\u0131dada Ambalaj\u0131n \u00d6nemi"},"content":{"rendered":"<div id=\"pl-239\"  class=\"panel-layout\" ><div id=\"pg-239-0\"  class=\"panel-grid panel-no-style\" ><div id=\"pgc-239-0-0\"  class=\"panel-grid-cell\" ><div id=\"panel-239-0-0-0\" class=\"so-panel widget widget_sow-image panel-first-child panel-last-child\" data-index=\"0\" ><div class=\"so-widget-sow-image so-widget-sow-image-default-d6014b76747a\">\n\n<div class=\"sow-image-container\">\n\t<img src=\"https:\/\/yardem.com\/wp-content\/uploads\/2017\/05\/enviromental.jpg\" width=\"200\" height=\"200\" srcset=\"https:\/\/yardem.com\/wp-content\/uploads\/2017\/05\/enviromental.jpg 200w, https:\/\/yardem.com\/wp-content\/uploads\/2017\/05\/enviromental-150x150.jpg 150w\" sizes=\"(max-width: 200px) 100vw, 200px\" alt=\"\" \t\tclass=\"so-widget-image\"\/>\n<\/div>\n\n<\/div><\/div><\/div><div id=\"pgc-239-0-1\"  class=\"panel-grid-cell\" ><div id=\"panel-239-0-1-0\" class=\"so-panel widget widget_sow-editor panel-first-child panel-last-child\" data-index=\"1\" ><div class=\"so-widget-sow-editor so-widget-sow-editor-base\">\n<div class=\"siteorigin-widget-tinymce textwidget\">\n\t<div id=\"content_container_packaging_full\" class=\"content_container_packaging_full\">\n<div id=\"content_container_packaging\" class=\"content_container_packaging\">\n<p align=\"justify\">Bir tarafta insanlar yiyecek bulamad\u0131\u011f\u0131 i\u00e7in hayat\u0131n\u0131 kaybederken, d\u00fcnyan\u0131n bir\u00e7ok \u00fclkesinde de her g\u00fcn tonlarca g\u0131da israf edilerek \u00e7\u00f6pe at\u0131l\u0131yor. \u00d6yle ki; ABD ve AB \u00fclkelerindeki g\u0131da at\u0131klar\u0131n\u0131n %25\u2019i, beslenme yetersizli\u011fi \u00e7eken bir milyar a\u00e7 insan\u0131 doyuracak miktardad\u0131r. Sadece T\u00fcrkiye'de, her g\u00fcn Somali'deki b\u00fct\u00fcn a\u00e7 insanlar\u0131 doyuracak kadar yiyecek \u00e7\u00f6pe d\u00f6k\u00fclmektedir.<br \/> &nbsp; <br \/> T\u00fcrkiye ve Avrupa'da mill\u00ee gelirin %25\u2019i israf edilmektedir. T\u00fcrkiye'de y\u0131lda 250 milyar TL'lik israf yap\u0131lmaktad\u0131r. E\u011fer ki bu kadar israf yap\u0131lmasa \u015fu anda T\u00fcrkiye'de ki\u015fi ba\u015f\u0131na d\u00fc\u015fen milli gelir 30 bin dolar\u0131 bulurdu. Bu israf\u0131n b\u00fcy\u00fck \u00e7o\u011funlu\u011funu ise meyve ve sebzeler olu\u015fturmaktad\u0131r.<\/p>\n<p align=\"justify\">S\u00dcRE\u00c7LER\u0130NE G\u00d6RE GIDA \u0130SRAFLARI<\/p>\n<p align=\"justify\">\n<table id=\"tablepress-1\" class=\"tablepress tablepress-id-1\">\n<tbody class=\"row-hover\">\n<tr class=\"row-1 odd\">\n\t<td class=\"column-1\"><\/td><td class=\"column-2\">\u00dcretim<\/td><td class=\"column-3\">Ta\u015f\u0131ma ve Depolama<\/td><td class=\"column-4\">Paketleme<\/td><td class=\"column-5\">Da\u011f\u0131t\u0131m<\/td><td class=\"column-6\">T\u00fcketim<\/td>\n<\/tr>\n<tr class=\"row-2 even\">\n\t<td class=\"column-1\">Meyve &amp; Sebze <\/td><td class=\"column-2\">%20<\/td><td class=\"column-3\">%5<\/td><td class=\"column-4\">%2<\/td><td class=\"column-5\">%10<\/td><td class=\"column-6\">%19<\/td>\n<\/tr>\n<tr class=\"row-3 odd\">\n\t<td class=\"column-1\">Et<\/td><td class=\"column-2\">%3,1<\/td><td class=\"column-3\">%0,7<\/td><td class=\"column-4\">%5<\/td><td class=\"column-5\">%4<\/td><td class=\"column-6\">%11<\/td>\n<\/tr>\n<tr class=\"row-4 even\">\n\t<td class=\"column-1\">Bal\u0131k &amp; Deniz \u00dcr\u00fcnleri <\/td><td class=\"column-2\">%9,4<\/td><td class=\"column-3\">%0,5<\/td><td class=\"column-4\">%6<\/td><td class=\"column-5\">%9<\/td><td class=\"column-6\">%11<\/td>\n<\/tr>\n<\/tbody>\n<\/table>\n<!-- #tablepress-1 from cache --><\/p>\n<p align=\"justify\">Yukar\u0131daki tabloda g\u00f6r\u00fcld\u00fc\u011f\u00fc \u00fczere meyve ve sebzelerin %19\u2019u t\u00fcketilmeden \u00e7\u00f6pe at\u0131lmaktad\u0131r. Bunun sebebi, meyve ve sebzelerin t\u00fcketilemeden bozulmalar\u0131d\u0131r.&nbsp;<\/p>\n<p> Kaynaklar\u0131n k\u0131t ihtiya\u00e7lar\u0131n sonsuz oldu\u011fu d\u00fc\u015f\u00fcn\u00fcl\u00fcrse bu b\u00fcy\u00fckl\u00fckteki kay\u0131plar gerek \u00e7evreyi gerek insanlar\u0131 olumsuz y\u00f6nde etkilemektedir. Biz Yardem olarak, meyve ve sebzelerin raf \u00f6mr\u00fcn\u00fc uzatan po\u015fetler \u00fcreterek bu kay\u0131plar\u0131n d\u00fc\u015f\u00fcr\u00fclmesini ama\u00e7lamaktay\u0131z.<\/p>\n<\/div>\n<\/div>\n<\/div>\n<\/div><\/div><\/div><\/div><\/div>","protected":false},"excerpt":{"rendered":"<p>Bir tarafta insanlar yiyecek bulamad\u0131\u011f\u0131 i\u00e7in hayat\u0131n\u0131 kaybederken, d\u00fcnyan\u0131n bir\u00e7ok \u00fclkesinde de her g\u00fcn tonlarca g\u0131da israf edilerek \u00e7\u00f6pe at\u0131l\u0131yor. \u00d6yle ki; ABD ve AB \u00fclkelerindeki g\u0131da at\u0131klar\u0131n\u0131n %25\u2019i, beslenme yetersizli\u011fi \u00e7eken bir milyar a\u00e7 insan\u0131 doyuracak miktardad\u0131r. Sadece T\u00fcrkiye&#8217;de, her g\u00fcn Somali&#8217;deki b\u00fct\u00fcn a\u00e7 insanlar\u0131 doyuracak kadar yiyecek \u00e7\u00f6pe d\u00f6k\u00fclmektedir. &nbsp; T\u00fcrkiye ve Avrupa&#8217;da [&hellip;]<\/p>\n","protected":false},"author":3,"featured_media":0,"parent":0,"menu_order":0,"comment_status":"closed","ping_status":"closed","template":"","meta":{"ngg_post_thumbnail":0},"_links":{"self":[{"href":"https:\/\/yardem.com\/index.php\/wp-json\/wp\/v2\/pages\/239"}],"collection":[{"href":"https:\/\/yardem.com\/index.php\/wp-json\/wp\/v2\/pages"}],"about":[{"href":"https:\/\/yardem.com\/index.php\/wp-json\/wp\/v2\/types\/page"}],"author":[{"embeddable":true,"href":"https:\/\/yardem.com\/index.php\/wp-json\/wp\/v2\/users\/3"}],"replies":[{"embeddable":true,"href":"https:\/\/yardem.com\/index.php\/wp-json\/wp\/v2\/comments?post=239"}],"version-history":[{"count":2,"href":"https:\/\/yardem.com\/index.php\/wp-json\/wp\/v2\/pages\/239\/revisions"}],"predecessor-version":[{"id":242,"href":"https:\/\/yardem.com\/index.php\/wp-json\/wp\/v2\/pages\/239\/revisions\/242"}],"wp:attachment":[{"href":"https:\/\/yardem.com\/index.php\/wp-json\/wp\/v2\/media?parent=239"}],"curies":[{"name":"wp","href":"https:\/\/api.w.org\/{rel}","templated":true}]}}